{"id":211,"date":"2022-05-10T19:08:56","date_gmt":"2022-05-10T19:08:56","guid":{"rendered":"https:\/\/hisanavrtu.si\/?page_id=211"},"modified":"2023-05-02T16:45:35","modified_gmt":"2023-05-02T16:45:35","slug":"ponudba","status":"publish","type":"page","link":"https:\/\/hisanavrtu.si\/en\/ponudba\/","title":{"rendered":"Our Offer"},"content":{"rendered":"<p style=\"font-size:35px\"><em>Experience nature and peaceful environment<\/em><\/p>\n\n\n\n<div class=\"wp-block-columns is-layout-flex wp-container-core-columns-is-layout-9d6595d7 wp-block-columns-is-layout-flex\">\n<div class=\"wp-block-column is-layout-flow wp-block-column-is-layout-flow\" style=\"flex-basis:25%\"><\/div>\n\n\n\n<div class=\"wp-block-column is-layout-flow wp-block-column-is-layout-flow\" style=\"flex-basis:50%\">\n<figure class=\"wp-block-gallery has-nested-images columns-default is-cropped wp-block-gallery-1 is-layout-flex wp-block-gallery-is-layout-flex\">\n<figure class=\"wp-block-image size-large\"><img loading=\"lazy\" decoding=\"async\" width=\"1024\" height=\"819\" data-id=\"215\" src=\"https:\/\/hisanavrtu.si\/wp-content\/uploads\/2022\/05\/IMG_9816-1-1024x819.jpg\" alt=\"Breakfast\" class=\"wp-image-215\" srcset=\"https:\/\/hisanavrtu.si\/wp-content\/uploads\/2022\/05\/IMG_9816-1-1024x819.jpg 1024w, https:\/\/hisanavrtu.si\/wp-content\/uploads\/2022\/05\/IMG_9816-1-300x240.jpg 300w, https:\/\/hisanavrtu.si\/wp-content\/uploads\/2022\/05\/IMG_9816-1-768x614.jpg 768w, https:\/\/hisanavrtu.si\/wp-content\/uploads\/2022\/05\/IMG_9816-1-1536x1229.jpg 1536w, https:\/\/hisanavrtu.si\/wp-content\/uploads\/2022\/05\/IMG_9816-1-2048x1638.jpg 2048w, https:\/\/hisanavrtu.si\/wp-content\/uploads\/2022\/05\/IMG_9816-1-15x12.jpg 15w\" sizes=\"auto, (max-width: 1024px) 100vw, 1024px\" \/><\/figure>\n<\/figure>\n<\/div>\n\n\n\n<div class=\"wp-block-column is-layout-flow wp-block-column-is-layout-flow\" style=\"flex-basis:25%\"><\/div>\n<\/div>\n\n\n\n<p class=\"has-text-align-center\">We will offer you a tasty breakfast with freshly baked bread, pastries, dairy, meat and egg products from local farms. Since we believe seasonal food taste the best, there are always vegetables from our garden and home-made products, such as jam, honey, tea blend, juices, included in the breakfast offer. Coffee lovers do not worry! There is also freshly ground coffee available.<\/p>\n\n\n\nngg_shortcode_0_placeholder\n\n\n\n<p class=\"has-text-align-center\">We strive to be nature friendly accommodation, that is why we try to produce as little waste as possible, recycle, save energy and water, source our food locally and eat sustainably.<\/p>\n\n\n\n<div class=\"wp-block-columns is-layout-flex wp-container-core-columns-is-layout-9d6595d7 wp-block-columns-is-layout-flex\">\n<div class=\"wp-block-column is-layout-flow wp-block-column-is-layout-flow\" style=\"flex-basis:25%\"><\/div>\n\n\n\n<div class=\"wp-block-column is-layout-flow wp-block-column-is-layout-flow\" style=\"flex-basis:50%\">\n<figure class=\"wp-block-gallery has-nested-images columns-default is-cropped wp-block-gallery-2 is-layout-flex wp-block-gallery-is-layout-flex\">\n<figure class=\"wp-block-image size-large\"><img loading=\"lazy\" decoding=\"async\" width=\"683\" height=\"1024\" data-id=\"227\" src=\"https:\/\/hisanavrtu.si\/wp-content\/uploads\/2022\/05\/IMG_9653-683x1024.jpg\" alt=\"\" class=\"wp-image-227\" srcset=\"https:\/\/hisanavrtu.si\/wp-content\/uploads\/2022\/05\/IMG_9653-683x1024.jpg 683w, https:\/\/hisanavrtu.si\/wp-content\/uploads\/2022\/05\/IMG_9653-200x300.jpg 200w, https:\/\/hisanavrtu.si\/wp-content\/uploads\/2022\/05\/IMG_9653-768x1152.jpg 768w, https:\/\/hisanavrtu.si\/wp-content\/uploads\/2022\/05\/IMG_9653-1024x1536.jpg 1024w, https:\/\/hisanavrtu.si\/wp-content\/uploads\/2022\/05\/IMG_9653-1365x2048.jpg 1365w, https:\/\/hisanavrtu.si\/wp-content\/uploads\/2022\/05\/IMG_9653-8x12.jpg 8w, https:\/\/hisanavrtu.si\/wp-content\/uploads\/2022\/05\/IMG_9653-scaled.jpg 1707w\" sizes=\"auto, (max-width: 683px) 100vw, 683px\" \/><\/figure>\n<\/figure>\n<\/div>\n\n\n\n<div class=\"wp-block-column is-layout-flow wp-block-column-is-layout-flow\" style=\"flex-basis:25%\"><\/div>\n<\/div>","protected":false},"excerpt":{"rendered":"<p>Za\u010dutite pristen stik z naravo Poleg preno\u010ditve ponujamo okusen zajtrk s sve\u017ee pe\u010denim kruhom, pecivom, mle\u010dnimi, mesnimi in jaj\u010dnimi izdelki z okoli\u0161kih kmetij. Ker menimo, da je sezonska hrana najbolj\u0161a,<a href=\"https:\/\/hisanavrtu.si\/en\/ponudba\/\" class=\"more-link\"><span class=\"readmore\">Continue reading<span class=\"screen-reader-text\">Our Offer<\/span><\/span><\/a><\/p>","protected":false},"author":1,"featured_media":0,"parent":0,"menu_order":0,"comment_status":"closed","ping_status":"closed","template":"","meta":{"ngg_post_thumbnail":0,"footnotes":""},"class_list":["post-211","page","type-page","status-publish","hentry"],"yoast_head":"<!-- This site is optimized with the Yoast SEO plugin v27.4 - https:\/\/yoast.com\/product\/yoast-seo-wordpress\/ -->\n<title>Ponudba - Hi\u0161a na Vrtu<\/title>\n<meta name=\"robots\" content=\"index, follow, max-snippet:-1, max-image-preview:large, max-video-preview:-1\" \/>\n<link rel=\"canonical\" href=\"https:\/\/hisanavrtu.si\/en\/ponudba\/\" \/>\n<meta property=\"og:locale\" content=\"en_GB\" \/>\n<meta property=\"og:type\" content=\"article\" \/>\n<meta property=\"og:title\" content=\"Ponudba - Hi\u0161a na Vrtu\" \/>\n<meta property=\"og:description\" content=\"Za\u010dutite pristen stik z naravo Poleg preno\u010ditve ponujamo okusen zajtrk s sve\u017ee pe\u010denim kruhom, pecivom, mle\u010dnimi, mesnimi in jaj\u010dnimi izdelki z okoli\u0161kih kmetij. Ker menimo, da je sezonska hrana najbolj\u0161a,Continue readingPonudba\" \/>\n<meta property=\"og:url\" content=\"https:\/\/hisanavrtu.si\/en\/ponudba\/\" \/>\n<meta property=\"og:site_name\" content=\"Hi\u0161a na Vrtu\" \/>\n<meta property=\"article:modified_time\" content=\"2023-05-02T16:45:35+00:00\" \/>\n<meta property=\"og:image\" content=\"https:\/\/hisanavrtu.si\/wp-content\/uploads\/2022\/05\/IMG_9816-1-1024x819.jpg\" \/>\n<meta name=\"twitter:card\" content=\"summary_large_image\" \/>\n<meta name=\"twitter:label1\" content=\"Estimated reading time\" \/>\n\t<meta name=\"twitter:data1\" content=\"1 minute\" \/>\n<script type=\"application\/ld+json\" class=\"yoast-schema-graph\">{\"@context\":\"https:\\\/\\\/schema.org\",\"@graph\":[{\"@type\":\"WebPage\",\"@id\":\"https:\\\/\\\/hisanavrtu.si\\\/ponudba\\\/\",\"url\":\"https:\\\/\\\/hisanavrtu.si\\\/ponudba\\\/\",\"name\":\"Ponudba - Hi\u0161a na Vrtu\",\"isPartOf\":{\"@id\":\"https:\\\/\\\/hisanavrtu.si\\\/#website\"},\"primaryImageOfPage\":{\"@id\":\"https:\\\/\\\/hisanavrtu.si\\\/ponudba\\\/#primaryimage\"},\"image\":{\"@id\":\"https:\\\/\\\/hisanavrtu.si\\\/ponudba\\\/#primaryimage\"},\"thumbnailUrl\":\"https:\\\/\\\/hisanavrtu.si\\\/wp-content\\\/uploads\\\/2022\\\/05\\\/IMG_9816-1-1024x819.jpg\",\"datePublished\":\"2022-05-10T19:08:56+00:00\",\"dateModified\":\"2023-05-02T16:45:35+00:00\",\"breadcrumb\":{\"@id\":\"https:\\\/\\\/hisanavrtu.si\\\/ponudba\\\/#breadcrumb\"},\"inLanguage\":\"en-GB\",\"potentialAction\":[{\"@type\":\"ReadAction\",\"target\":[\"https:\\\/\\\/hisanavrtu.si\\\/ponudba\\\/\"]}]},{\"@type\":\"ImageObject\",\"inLanguage\":\"en-GB\",\"@id\":\"https:\\\/\\\/hisanavrtu.si\\\/ponudba\\\/#primaryimage\",\"url\":\"https:\\\/\\\/hisanavrtu.si\\\/wp-content\\\/uploads\\\/2022\\\/05\\\/IMG_9816-1-1024x819.jpg\",\"contentUrl\":\"https:\\\/\\\/hisanavrtu.si\\\/wp-content\\\/uploads\\\/2022\\\/05\\\/IMG_9816-1-1024x819.jpg\"},{\"@type\":\"BreadcrumbList\",\"@id\":\"https:\\\/\\\/hisanavrtu.si\\\/ponudba\\\/#breadcrumb\",\"itemListElement\":[{\"@type\":\"ListItem\",\"position\":1,\"name\":\"Home\",\"item\":\"https:\\\/\\\/hisanavrtu.si\\\/\"},{\"@type\":\"ListItem\",\"position\":2,\"name\":\"Ponudba\"}]},{\"@type\":\"WebSite\",\"@id\":\"https:\\\/\\\/hisanavrtu.si\\\/#website\",\"url\":\"https:\\\/\\\/hisanavrtu.si\\\/\",\"name\":\"Hi\u0161a na Vrtu\",\"description\":\"\",\"potentialAction\":[{\"@type\":\"SearchAction\",\"target\":{\"@type\":\"EntryPoint\",\"urlTemplate\":\"https:\\\/\\\/hisanavrtu.si\\\/?s={search_term_string}\"},\"query-input\":{\"@type\":\"PropertyValueSpecification\",\"valueRequired\":true,\"valueName\":\"search_term_string\"}}],\"inLanguage\":\"en-GB\"}]}<\/script>\n<!-- \/ Yoast SEO plugin. -->","yoast_head_json":{"title":"Ponudba - Hi\u0161a na Vrtu","robots":{"index":"index","follow":"follow","max-snippet":"max-snippet:-1","max-image-preview":"max-image-preview:large","max-video-preview":"max-video-preview:-1"},"canonical":"https:\/\/hisanavrtu.si\/en\/ponudba\/","og_locale":"en_GB","og_type":"article","og_title":"Ponudba - Hi\u0161a na Vrtu","og_description":"Za\u010dutite pristen stik z naravo Poleg preno\u010ditve ponujamo okusen zajtrk s sve\u017ee pe\u010denim kruhom, pecivom, mle\u010dnimi, mesnimi in jaj\u010dnimi izdelki z okoli\u0161kih kmetij. Ker menimo, da je sezonska hrana najbolj\u0161a,Continue readingPonudba","og_url":"https:\/\/hisanavrtu.si\/en\/ponudba\/","og_site_name":"Hi\u0161a na Vrtu","article_modified_time":"2023-05-02T16:45:35+00:00","og_image":[{"url":"https:\/\/hisanavrtu.si\/wp-content\/uploads\/2022\/05\/IMG_9816-1-1024x819.jpg","type":"","width":"","height":""}],"twitter_card":"summary_large_image","twitter_misc":{"Estimated reading time":"1 minute"},"schema":{"@context":"https:\/\/schema.org","@graph":[{"@type":"WebPage","@id":"https:\/\/hisanavrtu.si\/ponudba\/","url":"https:\/\/hisanavrtu.si\/ponudba\/","name":"Ponudba - Hi\u0161a na Vrtu","isPartOf":{"@id":"https:\/\/hisanavrtu.si\/#website"},"primaryImageOfPage":{"@id":"https:\/\/hisanavrtu.si\/ponudba\/#primaryimage"},"image":{"@id":"https:\/\/hisanavrtu.si\/ponudba\/#primaryimage"},"thumbnailUrl":"https:\/\/hisanavrtu.si\/wp-content\/uploads\/2022\/05\/IMG_9816-1-1024x819.jpg","datePublished":"2022-05-10T19:08:56+00:00","dateModified":"2023-05-02T16:45:35+00:00","breadcrumb":{"@id":"https:\/\/hisanavrtu.si\/ponudba\/#breadcrumb"},"inLanguage":"en-GB","potentialAction":[{"@type":"ReadAction","target":["https:\/\/hisanavrtu.si\/ponudba\/"]}]},{"@type":"ImageObject","inLanguage":"en-GB","@id":"https:\/\/hisanavrtu.si\/ponudba\/#primaryimage","url":"https:\/\/hisanavrtu.si\/wp-content\/uploads\/2022\/05\/IMG_9816-1-1024x819.jpg","contentUrl":"https:\/\/hisanavrtu.si\/wp-content\/uploads\/2022\/05\/IMG_9816-1-1024x819.jpg"},{"@type":"BreadcrumbList","@id":"https:\/\/hisanavrtu.si\/ponudba\/#breadcrumb","itemListElement":[{"@type":"ListItem","position":1,"name":"Home","item":"https:\/\/hisanavrtu.si\/"},{"@type":"ListItem","position":2,"name":"Ponudba"}]},{"@type":"WebSite","@id":"https:\/\/hisanavrtu.si\/#website","url":"https:\/\/hisanavrtu.si\/","name":"Hi\u0161a na vrtu","description":"","potentialAction":[{"@type":"SearchAction","target":{"@type":"EntryPoint","urlTemplate":"https:\/\/hisanavrtu.si\/?s={search_term_string}"},"query-input":{"@type":"PropertyValueSpecification","valueRequired":true,"valueName":"search_term_string"}}],"inLanguage":"en-GB"}]}},"_links":{"self":[{"href":"https:\/\/hisanavrtu.si\/en\/wp-json\/wp\/v2\/pages\/211","targetHints":{"allow":["GET"]}}],"collection":[{"href":"https:\/\/hisanavrtu.si\/en\/wp-json\/wp\/v2\/pages"}],"about":[{"href":"https:\/\/hisanavrtu.si\/en\/wp-json\/wp\/v2\/types\/page"}],"author":[{"embeddable":true,"href":"https:\/\/hisanavrtu.si\/en\/wp-json\/wp\/v2\/users\/1"}],"replies":[{"embeddable":true,"href":"https:\/\/hisanavrtu.si\/en\/wp-json\/wp\/v2\/comments?post=211"}],"version-history":[{"count":15,"href":"https:\/\/hisanavrtu.si\/en\/wp-json\/wp\/v2\/pages\/211\/revisions"}],"predecessor-version":[{"id":251,"href":"https:\/\/hisanavrtu.si\/en\/wp-json\/wp\/v2\/pages\/211\/revisions\/251"}],"wp:attachment":[{"href":"https:\/\/hisanavrtu.si\/en\/wp-json\/wp\/v2\/media?parent=211"}],"curies":[{"name":"wp","href":"https:\/\/api.w.org\/{rel}","templated":true}]}}