{"id":20,"date":"2021-10-07T20:04:34","date_gmt":"2021-10-07T20:04:34","guid":{"rendered":"https:\/\/hisanavrtu.si\/?page_id=20"},"modified":"2023-05-02T16:35:13","modified_gmt":"2023-05-02T16:35:13","slug":"kontakt","status":"publish","type":"page","link":"https:\/\/hisanavrtu.si\/en\/kontakt\/","title":{"rendered":"Contact"},"content":{"rendered":"\n<p>\ud83c\udfe0<strong>NASLOV:<\/strong><\/p>\n\n\n\n<p class=\"has-normal-font-size\"><strong>Hi\u0161a na vrtu<\/strong><br>Vrtna pot 12, Voglje<br>4208 \u0160en\u010dur<br>Slovenija<\/p>\n\n\n\n<p><\/p>\n\n\n\n<p>\ud83d\udcf1<strong>TELEFON: <\/strong><\/p>\n\n\n\n<p>+386 41 868 420<\/p>\n\n\n\n<p><\/p>\n\n\n\n<p>\ud83d\udce7 <strong>E-MAIL:<\/strong><\/p>\n\n\n\n<p>rok@hisanavrtu.si<\/p>\n\n\n\n<p><\/p>\n\n\n\n<p>Lahko nas kontaktirate tudi preko spletnega obrazca:<\/p>\n\n\n\n<div class=\"wp-block-columns is-layout-flex wp-container-core-columns-is-layout-9d6595d7 wp-block-columns-is-layout-flex\">\n<div class=\"wp-block-column is-layout-flow wp-block-column-is-layout-flow\" style=\"flex-basis:100%\"><div class=\"wpforms-container wpforms-container-full wpforms-block wpforms-block-1a3ebb44-22a8-4b25-8b91-5394f75826e1\" id=\"wpforms-133\"><form id=\"wpforms-form-133\" class=\"wpforms-validate wpforms-form wpforms-ajax-form\" data-formid=\"133\" method=\"post\" enctype=\"multipart\/form-data\" action=\"\/en\/wp-json\/wp\/v2\/pages\/20\" data-token=\"770368054f48d8f88377dd8bcd794619\" data-token-time=\"1776579737\"><noscript class=\"wpforms-error-noscript\">Please enable JavaScript in your browser to complete this form.<\/noscript><div class=\"wpforms-field-container\"><div id=\"wpforms-133-field_0-container\" class=\"wpforms-field wpforms-field-name\" data-field-id=\"0\"><label class=\"wpforms-field-label\">Name <span class=\"wpforms-required-label\">*<\/span><\/label><div class=\"wpforms-field-row wpforms-field-medium\"><div class=\"wpforms-field-row-block wpforms-first wpforms-one-half\"><input type=\"text\" id=\"wpforms-133-field_0\" class=\"wpforms-field-name-first wpforms-field-required\" name=\"wpforms[fields][0][first]\" required><label for=\"wpforms-133-field_0\" class=\"wpforms-field-sublabel after\">First<\/label><\/div><div class=\"wpforms-field-row-block wpforms-one-half\"><input type=\"text\" id=\"wpforms-133-field_0-last\" class=\"wpforms-field-name-last wpforms-field-required\" name=\"wpforms[fields][0][last]\" required><label for=\"wpforms-133-field_0-last\" class=\"wpforms-field-sublabel after\">Last<\/label><\/div><\/div><\/div><div id=\"wpforms-133-field_1-container\" class=\"wpforms-field wpforms-field-email\" data-field-id=\"1\"><label class=\"wpforms-field-label\" for=\"wpforms-133-field_1\">Email <span class=\"wpforms-required-label\">*<\/span><\/label><input type=\"email\" id=\"wpforms-133-field_1\" class=\"wpforms-field-medium wpforms-field-required\" name=\"wpforms[fields][1]\" spellcheck=\"false\" required><\/div><div id=\"wpforms-133-field_2-container\" class=\"wpforms-field wpforms-field-textarea\" data-field-id=\"2\"><label class=\"wpforms-field-label\" for=\"wpforms-133-field_2\">Comment or Message <span class=\"wpforms-required-label\">*<\/span><\/label><textarea id=\"wpforms-133-field_2\" class=\"wpforms-field-medium wpforms-field-required\" name=\"wpforms[fields][2]\" required><\/textarea><\/div><\/div><!-- .wpforms-field-container --><div class=\"wpforms-recaptcha-container wpforms-is-recaptcha wpforms-is-recaptcha-type-v2\" ><div class=\"g-recaptcha\" data-sitekey=\"6LcocnsfAAAAAFxPebWAd3zqw0W42HLJAFAwDd-r\"><\/div><input type=\"text\" name=\"g-recaptcha-hidden\" class=\"wpforms-recaptcha-hidden\" style=\"position:absolute!important;clip:rect(0,0,0,0)!important;height:1px!important;width:1px!important;border:0!important;overflow:hidden!important;padding:0!important;margin:0!important;\" data-rule-recaptcha=\"1\"><\/div><div class=\"wpforms-submit-container\" ><input type=\"hidden\" name=\"wpforms[id]\" value=\"133\"><input type=\"hidden\" name=\"page_title\" value=\"\"><input type=\"hidden\" name=\"page_url\" value=\"https:\/\/hisanavrtu.si\/en\/wp-json\/wp\/v2\/pages\/20\"><input type=\"hidden\" name=\"url_referer\" value=\"\"><button type=\"submit\" name=\"wpforms[submit]\" id=\"wpforms-submit-133\" class=\"wpforms-submit\" data-alt-text=\"Sending...\" data-submit-text=\"Submit\" aria-live=\"assertive\" value=\"wpforms-submit\">Submit<\/button><img loading=\"lazy\" decoding=\"async\" src=\"https:\/\/hisanavrtu.si\/wp-content\/plugins\/wpforms-lite\/assets\/images\/submit-spin.svg\" class=\"wpforms-submit-spinner\" style=\"display: none;\" width=\"26\" height=\"26\" alt=\"Loading\"><\/div><\/form><\/div>  <!-- .wpforms-container --><\/div>\n<\/div>\n\n\n\n<p><\/p>\n","protected":false},"excerpt":{"rendered":"<p>\ud83c\udfe0NASLOV: Hi\u0161a na vrtuVrtna pot 12, Voglje4208 \u0160en\u010durSlovenija \ud83d\udcf1TELEFON: +386 41 868 420 \ud83d\udce7 E-MAIL: rok@hisanavrtu.si Lahko nas kontaktirate tudi preko spletnega obrazca:<\/p>","protected":false},"author":1,"featured_media":0,"parent":0,"menu_order":0,"comment_status":"closed","ping_status":"closed","template":"","meta":{"ngg_post_thumbnail":0,"footnotes":""},"class_list":["post-20","page","type-page","status-publish","hentry"],"yoast_head":"<!-- This site is optimized with the Yoast SEO plugin v27.4 - https:\/\/yoast.com\/product\/yoast-seo-wordpress\/ -->\n<title>Kontakt - Hi\u0161a na Vrtu<\/title>\n<meta name=\"robots\" content=\"index, follow, max-snippet:-1, max-image-preview:large, max-video-preview:-1\" \/>\n<link rel=\"canonical\" href=\"https:\/\/hisanavrtu.si\/en\/kontakt\/\" \/>\n<meta property=\"og:locale\" content=\"en_GB\" \/>\n<meta property=\"og:type\" content=\"article\" \/>\n<meta property=\"og:title\" content=\"Kontakt - Hi\u0161a na Vrtu\" \/>\n<meta property=\"og:description\" content=\"\ud83c\udfe0NASLOV: Hi\u0161a na vrtuVrtna pot 12, Voglje4208 \u0160en\u010durSlovenija \ud83d\udcf1TELEFON: +386 41 868 420 \ud83d\udce7 E-MAIL: rok@hisanavrtu.si Lahko nas kontaktirate tudi preko spletnega obrazca:\" \/>\n<meta property=\"og:url\" content=\"https:\/\/hisanavrtu.si\/en\/kontakt\/\" \/>\n<meta property=\"og:site_name\" content=\"Hi\u0161a na Vrtu\" \/>\n<meta property=\"article:modified_time\" content=\"2023-05-02T16:35:13+00:00\" \/>\n<meta name=\"twitter:card\" content=\"summary_large_image\" \/>\n<meta name=\"twitter:label1\" content=\"Estimated reading time\" \/>\n\t<meta name=\"twitter:data1\" content=\"1 minute\" \/>\n<script type=\"application\/ld+json\" class=\"yoast-schema-graph\">{\"@context\":\"https:\\\/\\\/schema.org\",\"@graph\":[{\"@type\":\"WebPage\",\"@id\":\"https:\\\/\\\/hisanavrtu.si\\\/kontakt\\\/\",\"url\":\"https:\\\/\\\/hisanavrtu.si\\\/kontakt\\\/\",\"name\":\"Kontakt - Hi\u0161a na Vrtu\",\"isPartOf\":{\"@id\":\"https:\\\/\\\/hisanavrtu.si\\\/#website\"},\"datePublished\":\"2021-10-07T20:04:34+00:00\",\"dateModified\":\"2023-05-02T16:35:13+00:00\",\"breadcrumb\":{\"@id\":\"https:\\\/\\\/hisanavrtu.si\\\/kontakt\\\/#breadcrumb\"},\"inLanguage\":\"en-GB\",\"potentialAction\":[{\"@type\":\"ReadAction\",\"target\":[\"https:\\\/\\\/hisanavrtu.si\\\/kontakt\\\/\"]}]},{\"@type\":\"BreadcrumbList\",\"@id\":\"https:\\\/\\\/hisanavrtu.si\\\/kontakt\\\/#breadcrumb\",\"itemListElement\":[{\"@type\":\"ListItem\",\"position\":1,\"name\":\"Home\",\"item\":\"https:\\\/\\\/hisanavrtu.si\\\/\"},{\"@type\":\"ListItem\",\"position\":2,\"name\":\"Kontakt\"}]},{\"@type\":\"WebSite\",\"@id\":\"https:\\\/\\\/hisanavrtu.si\\\/#website\",\"url\":\"https:\\\/\\\/hisanavrtu.si\\\/\",\"name\":\"Hi\u0161a na Vrtu\",\"description\":\"\",\"potentialAction\":[{\"@type\":\"SearchAction\",\"target\":{\"@type\":\"EntryPoint\",\"urlTemplate\":\"https:\\\/\\\/hisanavrtu.si\\\/?s={search_term_string}\"},\"query-input\":{\"@type\":\"PropertyValueSpecification\",\"valueRequired\":true,\"valueName\":\"search_term_string\"}}],\"inLanguage\":\"en-GB\"}]}<\/script>\n<!-- \/ Yoast SEO plugin. -->","yoast_head_json":{"title":"Kontakt - Hi\u0161a na Vrtu","robots":{"index":"index","follow":"follow","max-snippet":"max-snippet:-1","max-image-preview":"max-image-preview:large","max-video-preview":"max-video-preview:-1"},"canonical":"https:\/\/hisanavrtu.si\/en\/kontakt\/","og_locale":"en_GB","og_type":"article","og_title":"Kontakt - Hi\u0161a na Vrtu","og_description":"\ud83c\udfe0NASLOV: Hi\u0161a na vrtuVrtna pot 12, Voglje4208 \u0160en\u010durSlovenija \ud83d\udcf1TELEFON: +386 41 868 420 \ud83d\udce7 E-MAIL: rok@hisanavrtu.si Lahko nas kontaktirate tudi preko spletnega obrazca:","og_url":"https:\/\/hisanavrtu.si\/en\/kontakt\/","og_site_name":"Hi\u0161a na Vrtu","article_modified_time":"2023-05-02T16:35:13+00:00","twitter_card":"summary_large_image","twitter_misc":{"Estimated reading time":"1 minute"},"schema":{"@context":"https:\/\/schema.org","@graph":[{"@type":"WebPage","@id":"https:\/\/hisanavrtu.si\/kontakt\/","url":"https:\/\/hisanavrtu.si\/kontakt\/","name":"Kontakt - Hi\u0161a na Vrtu","isPartOf":{"@id":"https:\/\/hisanavrtu.si\/#website"},"datePublished":"2021-10-07T20:04:34+00:00","dateModified":"2023-05-02T16:35:13+00:00","breadcrumb":{"@id":"https:\/\/hisanavrtu.si\/kontakt\/#breadcrumb"},"inLanguage":"en-GB","potentialAction":[{"@type":"ReadAction","target":["https:\/\/hisanavrtu.si\/kontakt\/"]}]},{"@type":"BreadcrumbList","@id":"https:\/\/hisanavrtu.si\/kontakt\/#breadcrumb","itemListElement":[{"@type":"ListItem","position":1,"name":"Home","item":"https:\/\/hisanavrtu.si\/"},{"@type":"ListItem","position":2,"name":"Kontakt"}]},{"@type":"WebSite","@id":"https:\/\/hisanavrtu.si\/#website","url":"https:\/\/hisanavrtu.si\/","name":"Hi\u0161a na vrtu","description":"","potentialAction":[{"@type":"SearchAction","target":{"@type":"EntryPoint","urlTemplate":"https:\/\/hisanavrtu.si\/?s={search_term_string}"},"query-input":{"@type":"PropertyValueSpecification","valueRequired":true,"valueName":"search_term_string"}}],"inLanguage":"en-GB"}]}},"_links":{"self":[{"href":"https:\/\/hisanavrtu.si\/en\/wp-json\/wp\/v2\/pages\/20","targetHints":{"allow":["GET"]}}],"collection":[{"href":"https:\/\/hisanavrtu.si\/en\/wp-json\/wp\/v2\/pages"}],"about":[{"href":"https:\/\/hisanavrtu.si\/en\/wp-json\/wp\/v2\/types\/page"}],"author":[{"embeddable":true,"href":"https:\/\/hisanavrtu.si\/en\/wp-json\/wp\/v2\/users\/1"}],"replies":[{"embeddable":true,"href":"https:\/\/hisanavrtu.si\/en\/wp-json\/wp\/v2\/comments?post=20"}],"version-history":[{"count":14,"href":"https:\/\/hisanavrtu.si\/en\/wp-json\/wp\/v2\/pages\/20\/revisions"}],"predecessor-version":[{"id":249,"href":"https:\/\/hisanavrtu.si\/en\/wp-json\/wp\/v2\/pages\/20\/revisions\/249"}],"wp:attachment":[{"href":"https:\/\/hisanavrtu.si\/en\/wp-json\/wp\/v2\/media?parent=20"}],"curies":[{"name":"wp","href":"https:\/\/api.w.org\/{rel}","templated":true}]}}